{"id":1281,"date":"2022-05-04T11:02:39","date_gmt":"2022-05-04T09:02:39","guid":{"rendered":"https:\/\/dev.noratech.it\/vallibitto\/calecc\/"},"modified":"2023-08-03T21:04:49","modified_gmt":"2023-08-03T19:04:49","slug":"calecc","status":"publish","type":"page","link":"https:\/\/storicoribelle.com\/en\/calecc\/","title":{"rendered":"Cal\u00e9cc"},"content":{"rendered":"<h1>Cal\u00e9cc<\/h1>\n<h2><span>Alpine pasture<\/span><\/h2>\n<div>\n<p><span>In the Save Heritage Bitto Union\u2019s alpine pastures, grazing is done in rotation on different sections of land: each pasture is divided in stations. In the past each station was fenced off with stone walls, called barech , still visible in many valleys.<\/span><\/p>\n<p><span>Nowadays portable fences are used. Within the stations we find the cal\u00e9cc, primitive square structures of about 4 x 4 m, made of low stone walls.<\/span><\/p>\n<p><span>At the start of summer, the herds are taken to the first station of the pasture, at 1400m. The station\u2019s cal\u00e9cc is covered with a temporary roof structure. Until the early 1900s the roof was made of wooden planks or home made woollen blankets, called pal\u00f2rsc. Now the roof is normally made of a waterproof cover supported by wooden beams.<\/span><\/p>\n<\/div>\n<p><img decoding=\"async\" src=\"\/wp-content\/uploads\/2022\/05\/ProdottiTipici-FormaggioBitto_CapraOrobicaPastore-TronaSoliva.jpg\" alt=\"alpeggio trona soliva\"><\/p>\n<hr>\n<h3><span>Itinerant processing place<\/span><\/h3>\n<div>\n<p><span>The cal\u00e9cc is accessed through a side opening, usually protected by a wooden gate to keep the animals out. Inside, the cal\u00e8cc is divided into two areas: one side where the farmers can sleep and one where the Storico cheese is made.<\/span><\/p>\n<p><span>Thanks to the cal\u00e9cc, the farmers can stay close to the herds and can start the cheesemaking process directly onsite, right after milking. In the cheesemaking part of the cal\u00e9cc, next to the hearth, there is always a copper \u201cculdera\u201d or cauldron, as well as other equipment (buckets, rope, skimmers, gar\u00f2cc [containers] for masch\u00e8rpa , Spresun). All this equipment is carried from one cal\u00e9cc to another throughout the pasture\u2019s stations. To this day, equipment is still carried by hand or with the aid of animals.<\/span><\/p>\n<p><span>A cal\u00e9cc is used for as long as the animals are in one station, then the herd and the farmers move to the next station. Each station is at a higher altitude than the previous until, at high summer, the highest station and the last cale\u00e9cc are used.<\/span><\/p>\n<\/div>\n<p><img decoding=\"async\" src=\"\/wp-content\/uploads\/2022\/05\/ProdottiTipici-FormaggioBitto_LavoroDAlpeggioValTronella.jpg\" alt=\"lavorazione in calecc\"><\/p>\n<hr>\n<h2><span>From past to present<\/span><\/h2>\n<div>\n<p><span>The cal\u00e9cc is an interesting organizational system for the alpine activities, but it is also an historical site: it\u2019s a \u201cfossil\u201d of primitive construction models that, although more common in the past, are still utilised today for the production of Heritage \u201cStorico\u201d cheese of the Bitto valley.<\/span><\/p>\n<p><span>The cal\u00e9cc of the \u201cStorico\u201d rebels has become one of the symbols of the dairy resistance to a system that wants to ratify even the pastures!<\/span><\/p>\n<\/div>\n<p><img decoding=\"async\" src=\"\/wp-content\/uploads\/2022\/05\/Culino.jpg\" alt=\"bitto storico ribelle\"><\/p>\n<h2><i>&#8220;Along the road, the traditional cal\u00e8cc millennial stone structures where cheese is produced serve as itinerant dairies, so that the milk doesn\u2019t need to travel more than a few meters and can be worked whilst it\u2019s still naturally warm&#8221;<\/i><\/h2>\n<div>\n<p><span>&#8211; Piero Sardo, Slow Food Theater Milano EXPO (2 May 2015)<\/span><\/p>\n<\/div>\n<h5>FIND OUT MORE<\/h5>\n<ul>\n<li>\n        <a href=\"\/en\/storico-cheese-production\/\">Production<\/a>\n    <\/li>\n<li>\n        <a href=\"\/en\/history\/\">History<\/a>\n    <\/li>\n<li>\n        <a href=\"\/en\/calecc\/\">Cal\u00e9cc<\/a>\n    <\/li>\n<li>\n        <a href=\"\/en\/mascherpa\/\">Masch\u00e8rpa<\/a>\n    <\/li>\n<li>\n        <a href=\"\/en\/slow-food-presidia\/\">Slow Food Presidia<\/a>\n    <\/li>\n<\/ul>\n<p><!--more--><br \/>\n<!-- {\"name\":\"layout-pag-interne\",\"type\":\"layout\",\"children\":[{\"name\":\"Hero\",\"type\":\"section\",\"props\":{\"css\":\".el-section> [class*='uk-background-'] {\\n    min-height: 40vh;\\n}\",\"height\":\"percent\",\"image\":\"wp-content\\\/uploads\\\/2022\\\/05\\\/calecc-trona.jpg\",\"image_effect\":\"fixed\",\"image_position\":\"center-center\",\"image_size\":\"cover\",\"media_overlay\":\"rgba(25, 25, 25, 0.29)\",\"padding\":\"none\",\"style\":\"default\",\"text_color\":\"light\",\"title_breakpoint\":\"xl\",\"title_position\":\"top-left\",\"title_rotation\":\"left\",\"vertical_align\":\"middle\",\"width\":\"expand\"},\"children\":[{\"type\":\"row\",\"children\":[{\"type\":\"column\",\"props\":{\"image_position\":\"center-center\",\"position_sticky_breakpoint\":\"m\",\"width_medium\":\"1-1\"},\"children\":[{\"type\":\"headline\",\"props\":{\"content\":\"Cal\\u00e9cc\",\"text_align\":\"center\",\"title_element\":\"h1\",\"title_style\":\"heading-large\"}}]}]}]},{\"name\":\"Alpeggio\",\"type\":\"section\",\"props\":{\"image_position\":\"center-center\",\"padding_remove_top\":false,\"style\":\"default\",\"title_breakpoint\":\"xl\",\"title_position\":\"top-left\",\"title_rotation\":\"left\",\"vertical_align\":\"middle\",\"width\":\"large\"},\"children\":[{\"type\":\"row\",\"children\":[{\"type\":\"column\",\"props\":{\"image_position\":\"center-center\",\"position_sticky_breakpoint\":\"m\",\"vertical_align\":\"middle\",\"width_medium\":\"1-2\"},\"children\":[{\"type\":\"headline\",\"props\":{\"content\":\"<span>Alpine pasture<\\\/span>\",\"text_align\":\"left\",\"text_align_breakpoint\":\"m\",\"text_align_fallback\":\"center\",\"title_element\":\"h2\",\"title_style\":\"heading-small\"}},{\"type\":\"text\",\"props\":{\"block_align_breakpoint\":\"m\",\"block_align_fallback\":\"center\",\"column_breakpoint\":\"m\",\"content\":\"\n\n<p><span>In the Save Heritage Bitto Union\\u2019s alpine pastures, grazing is done in rotation on different sections of land: each pasture is divided in stations. In the past each station was fenced off with stone walls, called barech , still visible in many valleys.<\\\/span><\\\/p>\\n\n\n<p><span>Nowadays portable fences are used. Within the stations we find the cal\\u00e9cc, primitive square structures of about 4 x 4 m, made of low stone walls.<\\\/span><\\\/p>\\n\n\n<p><span>At the start of summer, the herds are taken to the first station of the pasture, at 1400m. The station\\u2019s cal\\u00e9cc is covered with a temporary roof structure. Until the early 1900s the roof was made of wooden planks or home made woollen blankets, called pal\\u00f2rsc. Now the roof is normally made of a waterproof cover supported by wooden beams.<\\\/span><\\\/p>\",\"margin\":\"large\",\"text_align\":\"left\",\"text_align_breakpoint\":\"m\",\"text_align_fallback\":\"justify\"}}]},{\"type\":\"column\",\"props\":{\"image_position\":\"center-center\",\"order_first\":\"l\",\"position_sticky_breakpoint\":\"m\",\"vertical_align\":\"middle\",\"width_medium\":\"1-2\"},\"children\":[{\"type\":\"image\",\"props\":{\"image\":\"wp-content\\\/uploads\\\/2022\\\/05\\\/ProdottiTipici-FormaggioBitto_CapraOrobicaPastore-TronaSoliva.jpg\",\"image_alt\":\"alpeggio trona soliva\",\"image_svg_color\":\"emphasis\",\"margin\":\"default\"}}]}],\"props\":{\"layout\":\"1-2,1-2\",\"margin\":\"medium\",\"margin_remove_top\":false,\"match\":true}}]},{\"name\":\"cal\\u00e8cc\",\"type\":\"section\",\"props\":{\"image_position\":\"center-center\",\"padding_remove_top\":true,\"style\":\"default\",\"title_breakpoint\":\"xl\",\"title_position\":\"top-left\",\"title_rotation\":\"left\",\"vertical_align\":\"middle\",\"width\":\"large\"},\"children\":[{\"type\":\"row\",\"children\":[{\"type\":\"column\",\"props\":{\"image_position\":\"center-center\",\"position_sticky_breakpoint\":\"m\",\"width_medium\":\"1-1\"},\"children\":[{\"type\":\"divider\",\"props\":{\"divider_element\":\"hr\",\"divider_style\":\"vertical\",\"margin\":\"large\"}}]}],\"props\":{\"margin\":\"default\"}},{\"type\":\"row\",\"children\":[{\"type\":\"column\",\"props\":{\"image_position\":\"center-center\",\"position_sticky_breakpoint\":\"m\",\"vertical_align\":\"middle\",\"width_medium\":\"1-2\"},\"children\":[{\"type\":\"headline\",\"props\":{\"content\":\"<span>Itinerant processing place<\\\/span>\",\"text_align\":\"left\",\"text_align_breakpoint\":\"m\",\"text_align_fallback\":\"center\",\"title_element\":\"h3\",\"title_style\":\"heading-small\"}},{\"type\":\"text\",\"props\":{\"block_align_breakpoint\":\"m\",\"block_align_fallback\":\"center\",\"column_breakpoint\":\"m\",\"content\":\"\n\n<p><span>The cal\\u00e9cc is accessed through a side opening, usually protected by a wooden gate to keep the animals out. Inside, the cal\\u00e8cc is divided into two areas: one side where the farmers can sleep and one where the Storico cheese is made.<\\\/span><\\\/p>\\n\n\n<p><span>Thanks to the cal\\u00e9cc, the farmers can stay close to the herds and can start the cheesemaking process directly onsite, right after milking. In the cheesemaking part of the cal\\u00e9cc, next to the hearth, there is always a copper \\u201cculdera\\u201d or cauldron, as well as other equipment (buckets, rope, skimmers, gar\\u00f2cc [containers] for masch\\u00e8rpa , Spresun). All this equipment is carried from one cal\\u00e9cc to another throughout the pasture\\u2019s stations. To this day, equipment is still carried by hand or with the aid of animals.<\\\/span><\\\/p>\\n\n\n<p><span>A cal\\u00e9cc is used for as long as the animals are in one station, then the herd and the farmers move to the next station. Each station is at a higher altitude than the previous until, at high summer, the highest station and the last cale\\u00e9cc are used.<\\\/span><\\\/p>\",\"margin\":\"large\",\"text_align\":\"left\",\"text_align_breakpoint\":\"m\",\"text_align_fallback\":\"justify\"}}]},{\"type\":\"column\",\"props\":{\"image_position\":\"center-center\",\"position_sticky_breakpoint\":\"m\",\"vertical_align\":\"middle\",\"width_medium\":\"1-2\"},\"children\":[{\"type\":\"image\",\"props\":{\"image\":\"wp-content\\\/uploads\\\/2022\\\/05\\\/ProdottiTipici-FormaggioBitto_LavoroDAlpeggioValTronella.jpg\",\"image_alt\":\"lavorazione in calecc\",\"image_svg_color\":\"emphasis\",\"margin\":\"default\"}}]}],\"props\":{\"layout\":\"1-2,1-2\",\"margin\":\"medium\",\"margin_remove_top\":false,\"match\":true}}]},{\"name\":\"Passato\",\"type\":\"section\",\"props\":{\"image_position\":\"center-center\",\"padding_remove_top\":true,\"style\":\"default\",\"title_breakpoint\":\"xl\",\"title_position\":\"top-left\",\"title_rotation\":\"left\",\"vertical_align\":\"middle\",\"width\":\"large\"},\"children\":[{\"type\":\"row\",\"children\":[{\"type\":\"column\",\"props\":{\"image_position\":\"center-center\",\"position_sticky_breakpoint\":\"m\",\"width_medium\":\"1-1\"},\"children\":[{\"type\":\"divider\",\"props\":{\"divider_element\":\"hr\",\"divider_style\":\"vertical\",\"margin\":\"large\"}}]}],\"props\":{\"margin\":\"default\"}},{\"type\":\"row\",\"children\":[{\"type\":\"column\",\"props\":{\"image_position\":\"center-center\",\"position_sticky_breakpoint\":\"m\",\"vertical_align\":\"middle\",\"width_medium\":\"1-2\"},\"children\":[{\"type\":\"headline\",\"props\":{\"content\":\"<span>From past to present<\\\/span>\",\"text_align\":\"left\",\"text_align_breakpoint\":\"m\",\"text_align_fallback\":\"center\",\"title_element\":\"h2\",\"title_style\":\"heading-small\"}},{\"type\":\"text\",\"props\":{\"block_align_breakpoint\":\"m\",\"block_align_fallback\":\"center\",\"column_breakpoint\":\"m\",\"content\":\"\n\n<p><span>The cal\\u00e9cc is an interesting organizational system for the alpine activities, but it is also an historical site: it\\u2019s a \\u201cfossil\\u201d of primitive construction models that, although more common in the past, are still utilised today for the production of Heritage \\u201cStorico\\u201d cheese of the Bitto valley.<\\\/span><\\\/p>\\n\n\n<p><span>The cal\\u00e9cc of the \\u201cStorico\\u201d rebels has become one of the symbols of the dairy resistance to a system that wants to ratify even the pastures!<\\\/span><\\\/p>\",\"margin\":\"large\",\"text_align\":\"left\",\"text_align_breakpoint\":\"m\",\"text_align_fallback\":\"justify\"}}]},{\"type\":\"column\",\"props\":{\"image_position\":\"center-center\",\"order_first\":\"m\",\"position_sticky_breakpoint\":\"m\",\"vertical_align\":\"middle\",\"width_medium\":\"1-2\"},\"children\":[{\"type\":\"image\",\"props\":{\"image\":\"wp-content\\\/uploads\\\/2022\\\/05\\\/Culino.jpg\",\"image_alt\":\"bitto storico ribelle\",\"image_height\":\"700\",\"image_svg_color\":\"emphasis\",\"image_width\":\"800\",\"margin\":\"default\"}}]}],\"props\":{\"layout\":\"1-2,1-2\",\"margin\":\"medium\",\"margin_remove_top\":false,\"match\":true}}]},{\"type\":\"section\",\"props\":{\"image_position\":\"center-center\",\"padding\":\"large\",\"padding_remove_bottom\":false,\"style\":\"primary\",\"title_breakpoint\":\"xl\",\"title_position\":\"top-left\",\"title_rotation\":\"left\",\"vertical_align\":\"middle\",\"width\":\"large\"},\"children\":[{\"type\":\"row\",\"props\":{\"margin_remove_bottom\":true,\"width\":\"default\"},\"children\":[{\"type\":\"column\",\"props\":{\"image_position\":\"center-center\",\"position_sticky_breakpoint\":\"m\"},\"children\":[{\"type\":\"headline\",\"props\":{\"content\":\"<i>\\\"Along the road, the traditional cal\\u00e8cc millennial stone structures where cheese is produced serve as itinerant dairies, so that the milk doesn\\u2019t need to travel more than a few meters and can be worked whilst it\\u2019s still naturally warm\\\"<\\\/i>\",\"text_align\":\"center\",\"title_color\":\"secondary\",\"title_element\":\"h2\"}},{\"type\":\"text\",\"props\":{\"column_breakpoint\":\"m\",\"content\":\"\n\n<p><span>- Piero Sardo, Slow Food Theater Milano EXPO (2 May 2015)<\\\/span><\\\/p>\",\"margin\":\"medium\",\"text_align\":\"center\"}}]}]}],\"name\":\"citazione\"},{\"type\":\"section\",\"props\":{\"image_position\":\"center-center\",\"style\":\"secondary\",\"title_breakpoint\":\"xl\",\"title_position\":\"top-left\",\"title_rotation\":\"left\",\"vertical_align\":\"middle\",\"width\":\"default\"},\"children\":[{\"type\":\"row\",\"props\":{\"layout\":\"2-5,3-5\"},\"children\":[{\"type\":\"column\",\"props\":{\"image_position\":\"center-center\",\"position_sticky_breakpoint\":\"m\",\"vertical_align\":\"middle\",\"width_medium\":\"2-5\"},\"children\":[{\"type\":\"headline\",\"props\":{\"content\":\"FIND OUT MORE\",\"text_align\":\"left\",\"text_align_breakpoint\":\"m\",\"text_align_fallback\":\"center\",\"title_element\":\"h5\",\"title_style\":\"h5\"}}]},{\"type\":\"column\",\"props\":{\"image_position\":\"center-center\",\"position_sticky_breakpoint\":\"m\",\"vertical_align\":\"middle\",\"width_medium\":\"3-5\"},\"children\":[{\"type\":\"subnav\",\"props\":{\"subnav_style\":\"tab\",\"text_align\":\"right\",\"text_align_breakpoint\":\"m\",\"text_align_fallback\":\"center\"},\"children\":[{\"type\":\"subnav_item\",\"props\":{\"content\":\"Production\",\"link\":\"en\\\/storico-cheese-production\\\/\"}},{\"type\":\"subnav_item\",\"props\":{\"content\":\"History\",\"link\":\"en\\\/history\\\/\"}},{\"type\":\"subnav_item\",\"props\":{\"active\":true,\"content\":\"Cal\\u00e9cc\",\"link\":\"en\\\/calecc\\\/\"}},{\"type\":\"subnav_item\",\"props\":{\"content\":\"Masch\\u00e8rpa\",\"link\":\"en\\\/mascherpa\\\/\"}},{\"type\":\"subnav_item\",\"props\":{\"content\":\"Slow Food Presidia\",\"link\":\"en\\\/slow-food-presidia\\\/\"}}]}]}]}],\"name\":\"sez-ENG-app-storico-ribelle\"}],\"version\":\"4.0.7\"} --><\/p>\n","protected":false},"excerpt":{"rendered":"<p>Cal\u00e9cc Alpine pasture In the Save Heritage Bitto Union\u2019s alpine pastures, grazing is done in rotation on different sections of land: each pasture is divided in stations. In the past each station was fenced off with stone walls, called barech , still visible in many valleys. Nowadays portable fences are used. Within the stations we [&hellip;]<\/p>\n","protected":false},"author":1,"featured_media":0,"parent":0,"menu_order":0,"comment_status":"closed","ping_status":"closed","template":"","meta":{"footnotes":""},"class_list":["post-1281","page","type-page","status-publish","hentry"],"yoast_head":"<!-- This site is optimized with the Yoast SEO plugin v27.6 - https:\/\/yoast.com\/product\/yoast-seo-wordpress\/ -->\n<title>Cal\u00e9cc - Valli del Bitto Trading Spa<\/title>\n<meta name=\"description\" content=\"In the Save Heritage Bitto Union\u2019s alpine pastures, grazing is done in rotation on different sections of land fenced off with stone walls, called barech , still visible in many valleys.\" \/>\n<meta name=\"robots\" content=\"index, follow, max-snippet:-1, max-image-preview:large, max-video-preview:-1\" \/>\n<link rel=\"canonical\" href=\"https:\/\/storicoribelle.com\/i-calecc\/\" \/>\n<meta property=\"og:locale\" content=\"en_US\" \/>\n<meta property=\"og:type\" content=\"article\" \/>\n<meta property=\"og:title\" content=\"Cal\u00e9cc - Valli del Bitto Trading Spa\" \/>\n<meta property=\"og:description\" content=\"In the Save Heritage Bitto Union\u2019s alpine pastures, grazing is done in rotation on different sections of land fenced off with stone walls, called barech , still visible in many valleys.\" \/>\n<meta property=\"og:url\" content=\"https:\/\/storicoribelle.com\/i-calecc\/\" \/>\n<meta property=\"og:site_name\" content=\"Valli del Bitto Trading Spa\" \/>\n<meta property=\"article:publisher\" content=\"https:\/\/www.facebook.com\/StoricoRibelle\/\" \/>\n<meta property=\"article:modified_time\" content=\"2023-08-03T19:04:49+00:00\" \/>\n<meta name=\"twitter:card\" content=\"summary_large_image\" \/>\n<meta name=\"twitter:label1\" content=\"Est. reading time\" \/>\n\t<meta name=\"twitter:data1\" content=\"6 minutes\" \/>\n<script type=\"application\/ld+json\" class=\"yoast-schema-graph\">{\"@context\":\"https:\\\/\\\/schema.org\",\"@graph\":[{\"@type\":\"WebPage\",\"@id\":\"https:\\\/\\\/storicoribelle.com\\\/i-calecc\\\/\",\"url\":\"https:\\\/\\\/storicoribelle.com\\\/i-calecc\\\/\",\"name\":\"Cal\u00e9cc - Valli del Bitto Trading Spa\",\"isPartOf\":{\"@id\":\"https:\\\/\\\/storicoribelle.com\\\/#website\"},\"datePublished\":\"2022-05-04T09:02:39+00:00\",\"dateModified\":\"2023-08-03T19:04:49+00:00\",\"description\":\"In the Save Heritage Bitto Union\u2019s alpine pastures, grazing is done in rotation on different sections of land fenced off with stone walls, called barech , still visible in many valleys.\",\"breadcrumb\":{\"@id\":\"https:\\\/\\\/storicoribelle.com\\\/i-calecc\\\/#breadcrumb\"},\"inLanguage\":\"en-US\",\"potentialAction\":[{\"@type\":\"ReadAction\",\"target\":[\"https:\\\/\\\/storicoribelle.com\\\/i-calecc\\\/\"]}]},{\"@type\":\"BreadcrumbList\",\"@id\":\"https:\\\/\\\/storicoribelle.com\\\/i-calecc\\\/#breadcrumb\",\"itemListElement\":[{\"@type\":\"ListItem\",\"position\":1,\"name\":\"Home\",\"item\":\"https:\\\/\\\/storicoribelle.com\\\/en\\\/\"},{\"@type\":\"ListItem\",\"position\":2,\"name\":\"Cal\u00e9cc\"}]},{\"@type\":\"WebSite\",\"@id\":\"https:\\\/\\\/storicoribelle.com\\\/#website\",\"url\":\"https:\\\/\\\/storicoribelle.com\\\/\",\"name\":\"Valli del Bitto Trading Spa\",\"description\":\"Salvaguardia delle tradizioni e dei valori locali\",\"publisher\":{\"@id\":\"https:\\\/\\\/storicoribelle.com\\\/#organization\"},\"potentialAction\":[{\"@type\":\"SearchAction\",\"target\":{\"@type\":\"EntryPoint\",\"urlTemplate\":\"https:\\\/\\\/storicoribelle.com\\\/?s={search_term_string}\"},\"query-input\":{\"@type\":\"PropertyValueSpecification\",\"valueRequired\":true,\"valueName\":\"search_term_string\"}}],\"inLanguage\":\"en-US\"},{\"@type\":\"Organization\",\"@id\":\"https:\\\/\\\/storicoribelle.com\\\/#organization\",\"name\":\"Valli del Bitto Trading Spa\",\"url\":\"https:\\\/\\\/storicoribelle.com\\\/\",\"logo\":{\"@type\":\"ImageObject\",\"inLanguage\":\"en-US\",\"@id\":\"https:\\\/\\\/storicoribelle.com\\\/#\\\/schema\\\/logo\\\/image\\\/\",\"url\":\"https:\\\/\\\/storicoribelle.com\\\/wp-content\\\/uploads\\\/2022\\\/05\\\/logo.svg\",\"contentUrl\":\"https:\\\/\\\/storicoribelle.com\\\/wp-content\\\/uploads\\\/2022\\\/05\\\/logo.svg\",\"width\":1,\"height\":1,\"caption\":\"Valli del Bitto Trading Spa\"},\"image\":{\"@id\":\"https:\\\/\\\/storicoribelle.com\\\/#\\\/schema\\\/logo\\\/image\\\/\"},\"sameAs\":[\"https:\\\/\\\/www.facebook.com\\\/StoricoRibelle\\\/\"]}]}<\/script>\n<!-- \/ Yoast SEO plugin. -->","yoast_head_json":{"title":"Cal\u00e9cc - Valli del Bitto Trading Spa","description":"In the Save Heritage Bitto Union\u2019s alpine pastures, grazing is done in rotation on different sections of land fenced off with stone walls, called barech , still visible in many valleys.","robots":{"index":"index","follow":"follow","max-snippet":"max-snippet:-1","max-image-preview":"max-image-preview:large","max-video-preview":"max-video-preview:-1"},"canonical":"https:\/\/storicoribelle.com\/i-calecc\/","og_locale":"en_US","og_type":"article","og_title":"Cal\u00e9cc - Valli del Bitto Trading Spa","og_description":"In the Save Heritage Bitto Union\u2019s alpine pastures, grazing is done in rotation on different sections of land fenced off with stone walls, called barech , still visible in many valleys.","og_url":"https:\/\/storicoribelle.com\/i-calecc\/","og_site_name":"Valli del Bitto Trading Spa","article_publisher":"https:\/\/www.facebook.com\/StoricoRibelle\/","article_modified_time":"2023-08-03T19:04:49+00:00","twitter_card":"summary_large_image","twitter_misc":{"Est. reading time":"6 minutes"},"schema":{"@context":"https:\/\/schema.org","@graph":[{"@type":"WebPage","@id":"https:\/\/storicoribelle.com\/i-calecc\/","url":"https:\/\/storicoribelle.com\/i-calecc\/","name":"Cal\u00e9cc - Valli del Bitto Trading Spa","isPartOf":{"@id":"https:\/\/storicoribelle.com\/#website"},"datePublished":"2022-05-04T09:02:39+00:00","dateModified":"2023-08-03T19:04:49+00:00","description":"In the Save Heritage Bitto Union\u2019s alpine pastures, grazing is done in rotation on different sections of land fenced off with stone walls, called barech , still visible in many valleys.","breadcrumb":{"@id":"https:\/\/storicoribelle.com\/i-calecc\/#breadcrumb"},"inLanguage":"en-US","potentialAction":[{"@type":"ReadAction","target":["https:\/\/storicoribelle.com\/i-calecc\/"]}]},{"@type":"BreadcrumbList","@id":"https:\/\/storicoribelle.com\/i-calecc\/#breadcrumb","itemListElement":[{"@type":"ListItem","position":1,"name":"Home","item":"https:\/\/storicoribelle.com\/en\/"},{"@type":"ListItem","position":2,"name":"Cal\u00e9cc"}]},{"@type":"WebSite","@id":"https:\/\/storicoribelle.com\/#website","url":"https:\/\/storicoribelle.com\/","name":"Valli del Bitto Trading Spa","description":"Salvaguardia delle tradizioni e dei valori locali","publisher":{"@id":"https:\/\/storicoribelle.com\/#organization"},"potentialAction":[{"@type":"SearchAction","target":{"@type":"EntryPoint","urlTemplate":"https:\/\/storicoribelle.com\/?s={search_term_string}"},"query-input":{"@type":"PropertyValueSpecification","valueRequired":true,"valueName":"search_term_string"}}],"inLanguage":"en-US"},{"@type":"Organization","@id":"https:\/\/storicoribelle.com\/#organization","name":"Valli del Bitto Trading Spa","url":"https:\/\/storicoribelle.com\/","logo":{"@type":"ImageObject","inLanguage":"en-US","@id":"https:\/\/storicoribelle.com\/#\/schema\/logo\/image\/","url":"https:\/\/storicoribelle.com\/wp-content\/uploads\/2022\/05\/logo.svg","contentUrl":"https:\/\/storicoribelle.com\/wp-content\/uploads\/2022\/05\/logo.svg","width":1,"height":1,"caption":"Valli del Bitto Trading Spa"},"image":{"@id":"https:\/\/storicoribelle.com\/#\/schema\/logo\/image\/"},"sameAs":["https:\/\/www.facebook.com\/StoricoRibelle\/"]}]}},"_links":{"self":[{"href":"https:\/\/storicoribelle.com\/en\/wp-json\/wp\/v2\/pages\/1281","targetHints":{"allow":["GET"]}}],"collection":[{"href":"https:\/\/storicoribelle.com\/en\/wp-json\/wp\/v2\/pages"}],"about":[{"href":"https:\/\/storicoribelle.com\/en\/wp-json\/wp\/v2\/types\/page"}],"author":[{"embeddable":true,"href":"https:\/\/storicoribelle.com\/en\/wp-json\/wp\/v2\/users\/1"}],"replies":[{"embeddable":true,"href":"https:\/\/storicoribelle.com\/en\/wp-json\/wp\/v2\/comments?post=1281"}],"version-history":[{"count":18,"href":"https:\/\/storicoribelle.com\/en\/wp-json\/wp\/v2\/pages\/1281\/revisions"}],"predecessor-version":[{"id":4972,"href":"https:\/\/storicoribelle.com\/en\/wp-json\/wp\/v2\/pages\/1281\/revisions\/4972"}],"wp:attachment":[{"href":"https:\/\/storicoribelle.com\/en\/wp-json\/wp\/v2\/media?parent=1281"}],"curies":[{"name":"wp","href":"https:\/\/api.w.org\/{rel}","templated":true}]}}