{"id":1282,"date":"2022-05-04T11:03:02","date_gmt":"2022-05-04T09:03:02","guid":{"rendered":"https:\/\/dev.noratech.it\/vallibitto\/mascherpa\/"},"modified":"2023-08-03T21:05:45","modified_gmt":"2023-08-03T19:05:45","slug":"mascherpa","status":"publish","type":"page","link":"https:\/\/storicoribelle.com\/en\/mascherpa\/","title":{"rendered":"Masch\u00e8rpa"},"content":{"rendered":"<h1>Masch\u00e8rpa<\/h1>\n<h2>Masch\u00e8rpa cheese<br \/>production<\/h2>\n<div>\n<p><span>Masch\u00e8rpa is the traditional ricotta cheese made in the alpine pastures, using the whey from the production of Storico. The whey (called lazzel\u00f9n\/ser\u00f9n) that is left in the cauldron (culd\u00e9ra) is warmed to 60-65\u00b0 C. Once this temperature is reached, 10% freshly milked goat\u2019s milk is added. The acidifying agent is added when the temperature, regularly measured, reaches 85-90\u00b0C.<\/span><\/p>\n<p><span>The secret to success is to guess the right moment in which to add the acidifying agent. Before thermometers, the cheesemaker would bang the bottom of the cauldron with a stick and, from the sound produced, know when the moment was right.<\/span><\/p>\n<\/div>\n<hr>\n<h3>Making process<\/h3>\n<div>\n<p><span>The temperature at which to add the acidifying agent is a critical element of ricotta cheesemaking: if it is too low the curds don\u2019t form\u037e if it\u2019s too high the masch\u00e8rpa tastes \u201ccooked\u201d. It\u2019s important to add the acidifying agent in one quick and decisive motion, as this is the only way in which the curds form properly and float to the surface into a solid white layer.<\/span><\/p>\n<p><span>Once the acidifying agent has been added and the curds have formed the top layer, the masch\u00e8rpa is taken out of the cauldron using a copper skimmer (c\u00e0spsula). The compact curds are placed in wooden sievelike containers that are 40-60 cm tall and 25-30 cm wide. These containers are called garocc and are today often replaced by plastic ones. The remaining \u201csecond whey\u201d left in the cauldron is called sc\u00f2cia and is used to wash equipment before being fed to calves or pigs.<\/span><\/p>\n<\/div>\n<p><img decoding=\"async\" src=\"\/wp-content\/uploads\/2022\/05\/ProdottiTipici-FormaggioBitto_RicottaTrona.jpg\" alt=\"ricotta\"><\/p>\n<hr>\n<h3><span>Methods of the past<\/span><\/h3>\n<div>\n<p><span>In the past the acidifying agent used was a substance called agra. Agra is a very acid liquid made from sc\u00f2cia (the \u201csecond whey\u201d from the making of ricotta cheese). The sc\u00f2cia was acidified by adding alum, gentian root, juniper, dried prunes, unripe fruit, vinegar and sorrel leaves. This mixture was left in the sun in a wooden bucket for days and was usually made from a sc\u00f2cia from a successful ricotta cheese production, which had to be pale green and clear.<\/span><\/p>\n<p><span>The wooden containers used to drain masch\u00e8rpa are called garocc (singular garot) and are a very characteristic element.\u00a0<\/span><\/p>\n<p><span>The masch\u00e8rpa that has been placed in the garocc and kept on a tilted work surface called spres\u00f9n, is left to drain for up to 24 hours and is then ready for consumption. The cheeses that are to be salted are drained for 3-4 days.<\/span><\/p>\n<p><span>Salting occurs on both sides of the cheese. After a few days, when the cheeses are firmer, they are placed on scalere (shelves) in the ripening area of the dairy: the mascherp\u00e8ra, found on the upper floor of the alpine cellar.<\/span><\/p>\n<\/div>\n<p><img decoding=\"async\" src=\"\/wp-content\/uploads\/2022\/05\/ProdottiTipici-FormaggioBitto_SalaturaDellaMascherpa.jpg\" alt=\"salatura mascherpa\"><\/p>\n<hr>\n<h3><span>Masch\u00e8rpa Ageing<\/span><\/h3>\n<div>\n<p><span>After a few weeks the masch\u00e8rpa becomes coated with a light brown mold (we say it \u201cflowers\u201d) that is regularly cleaned whenever the cheeses are turned. The masch\u00e8rpa loses a lot of weight during ripening, becomes firmer and develops a strong taste.<\/span><\/p>\n<p><span>After a few months of ripening it can be grated on various dishes.<\/span> <span>Masch\u00e8rpa is not easy to keep, and mature masch\u00e8rpa is considered a valuable product because it requires much care, and because not all the cheeses are good enough for this process, and only the best are selected.<\/span><\/p>\n<\/div>\n<p><img decoding=\"async\" src=\"\/wp-content\/uploads\/2022\/05\/mascherpe-vecchie1.jpg\" alt=\"bitto storico ribelle\"><\/p>\n<h5>FIND OUT MORE<\/h5>\n<ul>\n<li>\n        <a href=\"\/en\/storico-cheese-production\/\">Production<\/a>\n    <\/li>\n<li>\n        <a href=\"\/en\/history\/\">History<\/a>\n    <\/li>\n<li>\n        <a href=\"\/en\/calecc\/\">Cal\u00e9cc<\/a>\n    <\/li>\n<li>\n        <a href=\"\/en\/mascherpa\/\">Masch\u00e8rpa<\/a>\n    <\/li>\n<li>\n        <a href=\"\/en\/slow-food-presidia\/\">Slow Food Presidia<\/a>\n    <\/li>\n<\/ul>\n<p><!--more--><br \/>\n<!-- {\"name\":\"layout-pag-interne\",\"type\":\"layout\",\"children\":[{\"name\":\"Hero\",\"type\":\"section\",\"props\":{\"css\":\".el-section> [class*='uk-background-'] {\\n    min-height: 40vh;\\n}\",\"height\":\"percent\",\"image\":\"wp-content\\\/uploads\\\/2022\\\/05\\\/mascherpe-vecchie-3.jpg\",\"image_effect\":\"fixed\",\"image_position\":\"center-center\",\"image_size\":\"cover\",\"media_overlay\":\"rgba(25, 25, 25, 0.29)\",\"padding\":\"none\",\"style\":\"default\",\"text_color\":\"light\",\"title_breakpoint\":\"xl\",\"title_position\":\"top-left\",\"title_rotation\":\"left\",\"vertical_align\":\"middle\",\"width\":\"expand\"},\"children\":[{\"type\":\"row\",\"children\":[{\"type\":\"column\",\"props\":{\"image_position\":\"center-center\",\"position_sticky_breakpoint\":\"m\",\"width_medium\":\"1-1\"},\"children\":[{\"type\":\"headline\",\"props\":{\"content\":\"Masch\\u00e8rpa\",\"text_align\":\"center\",\"title_element\":\"h1\",\"title_style\":\"heading-large\"}}]}]}]},{\"name\":\"produzione\",\"type\":\"section\",\"props\":{\"image_position\":\"center-center\",\"padding_remove_bottom\":false,\"padding_remove_top\":false,\"style\":\"default\",\"title_breakpoint\":\"xl\",\"title_position\":\"top-left\",\"title_rotation\":\"left\",\"vertical_align\":\"middle\",\"width\":\"large\"},\"children\":[{\"type\":\"row\",\"props\":{\"column_gap\":\"small\",\"margin_remove_bottom\":true,\"row_gap\":\"small\"},\"children\":[{\"type\":\"column\",\"props\":{\"image_position\":\"center-center\",\"position_sticky_breakpoint\":\"m\"},\"children\":[{\"type\":\"headline\",\"props\":{\"content\":\"Masch\\u00e8rpa cheese<br \\\/>production\",\"text_align\":\"center\",\"text_align_breakpoint\":\"m\",\"text_align_fallback\":\"center\",\"title_element\":\"h2\",\"title_style\":\"heading-small\"}},{\"type\":\"text\",\"props\":{\"block_align\":\"center\",\"block_align_breakpoint\":\"m\",\"block_align_fallback\":\"center\",\"column_breakpoint\":\"m\",\"content\":\"\n\n<p><span>Masch\\u00e8rpa is the traditional ricotta cheese made in the alpine pastures, using the whey from the production of Storico. The whey (called lazzel\\u00f9n\\\/ser\\u00f9n) that is left in the cauldron (culd\\u00e9ra) is warmed to 60-65\\u00b0 C. Once this temperature is reached, 10% freshly milked goat\\u2019s milk is added. The acidifying agent is added when the temperature, regularly measured, reaches 85-90\\u00b0C.<\\\/span><\\\/p>\\n\n\n<p><span>The secret to success is to guess the right moment in which to add the acidifying agent. Before thermometers, the cheesemaker would bang the bottom of the cauldron with a stick and, from the sound produced, know when the moment was right.<\\\/span><\\\/p>\",\"margin\":\"medium\",\"maxwidth\":\"2xlarge\",\"maxwidth_breakpoint\":\"m\",\"text_align\":\"center\",\"text_align_breakpoint\":\"m\",\"text_align_fallback\":\"justify\"}}]}]}]},{\"name\":\"lavorazione\",\"type\":\"section\",\"props\":{\"image_position\":\"center-center\",\"padding_remove_top\":true,\"style\":\"default\",\"title_breakpoint\":\"xl\",\"title_position\":\"top-left\",\"title_rotation\":\"left\",\"vertical_align\":\"middle\",\"width\":\"large\"},\"children\":[{\"type\":\"row\",\"children\":[{\"type\":\"column\",\"props\":{\"image_position\":\"center-center\",\"position_sticky_breakpoint\":\"m\",\"width_medium\":\"1-1\"},\"children\":[{\"type\":\"divider\",\"props\":{\"divider_element\":\"hr\",\"divider_style\":\"vertical\",\"margin\":\"large\"}}]}],\"props\":{\"margin\":\"default\"}},{\"type\":\"row\",\"children\":[{\"type\":\"column\",\"props\":{\"image_position\":\"center-center\",\"position_sticky_breakpoint\":\"m\",\"vertical_align\":\"middle\",\"width_medium\":\"1-2\"},\"children\":[{\"type\":\"headline\",\"props\":{\"content\":\"Making process\",\"text_align\":\"left\",\"text_align_breakpoint\":\"m\",\"text_align_fallback\":\"center\",\"title_element\":\"h3\",\"title_style\":\"heading-small\"}},{\"type\":\"text\",\"props\":{\"block_align_breakpoint\":\"m\",\"block_align_fallback\":\"center\",\"column_breakpoint\":\"m\",\"content\":\"\n\n<p><span>The temperature at which to add the acidifying agent is a critical element of ricotta cheesemaking: if it is too low the curds don\\u2019t form\\u037e if it\\u2019s too high the masch\\u00e8rpa tastes \\u201ccooked\\u201d. It\\u2019s important to add the acidifying agent in one quick and decisive motion, as this is the only way in which the curds form properly and float to the surface into a solid white layer.<\\\/span><\\\/p>\\n\n\n<p><span>Once the acidifying agent has been added and the curds have formed the top layer, the masch\\u00e8rpa is taken out of the cauldron using a copper skimmer (c\\u00e0spsula). The compact curds are placed in wooden sievelike containers that are 40-60 cm tall and 25-30 cm wide. These containers are called garocc and are today often replaced by plastic ones. The remaining \\u201csecond whey\\u201d left in the cauldron is called sc\\u00f2cia and is used to wash equipment before being fed to calves or pigs.<\\\/span><\\\/p>\",\"margin\":\"large\",\"text_align\":\"left\",\"text_align_breakpoint\":\"m\",\"text_align_fallback\":\"justify\"}}]},{\"type\":\"column\",\"props\":{\"image_position\":\"center-center\",\"order_first\":\"l\",\"position_sticky_breakpoint\":\"m\",\"vertical_align\":\"middle\",\"width_medium\":\"1-2\"},\"children\":[{\"type\":\"image\",\"props\":{\"image\":\"wp-content\\\/uploads\\\/2022\\\/05\\\/ProdottiTipici-FormaggioBitto_RicottaTrona.jpg\",\"image_alt\":\"ricotta\",\"image_svg_color\":\"emphasis\",\"margin\":\"default\"}}]}],\"props\":{\"layout\":\"1-2,1-2\",\"margin\":\"medium\",\"margin_remove_top\":false,\"match\":true}}]},{\"name\":\"passato\",\"type\":\"section\",\"props\":{\"image_position\":\"center-center\",\"padding_remove_top\":true,\"style\":\"default\",\"title_breakpoint\":\"xl\",\"title_position\":\"top-left\",\"title_rotation\":\"left\",\"vertical_align\":\"middle\",\"width\":\"large\"},\"children\":[{\"type\":\"row\",\"children\":[{\"type\":\"column\",\"props\":{\"image_position\":\"center-center\",\"position_sticky_breakpoint\":\"m\",\"width_medium\":\"1-1\"},\"children\":[{\"type\":\"divider\",\"props\":{\"divider_element\":\"hr\",\"divider_style\":\"vertical\",\"margin\":\"large\"}}]}],\"props\":{\"margin\":\"default\"}},{\"type\":\"row\",\"children\":[{\"type\":\"column\",\"props\":{\"image_position\":\"center-center\",\"position_sticky_breakpoint\":\"m\",\"vertical_align\":\"middle\",\"width_medium\":\"1-2\"},\"children\":[{\"type\":\"headline\",\"props\":{\"content\":\"<span>Methods of the past<\\\/span>\",\"text_align\":\"left\",\"text_align_breakpoint\":\"m\",\"text_align_fallback\":\"center\",\"title_element\":\"h3\",\"title_style\":\"heading-small\"}},{\"type\":\"text\",\"props\":{\"block_align_breakpoint\":\"m\",\"block_align_fallback\":\"center\",\"column_breakpoint\":\"m\",\"content\":\"\n\n<p><span>In the past the acidifying agent used was a substance called agra. Agra is a very acid liquid made from sc\\u00f2cia (the \\u201csecond whey\\u201d from the making of ricotta cheese). The sc\\u00f2cia was acidified by adding alum, gentian root, juniper, dried prunes, unripe fruit, vinegar and sorrel leaves. This mixture was left in the sun in a wooden bucket for days and was usually made from a sc\\u00f2cia from a successful ricotta cheese production, which had to be pale green and clear.<\\\/span><\\\/p>\\n\n\n<p><span>The wooden containers used to drain masch\\u00e8rpa are called garocc (singular garot) and are a very characteristic element.\\u00a0<\\\/span><\\\/p>\\n\n\n<p><span>The masch\\u00e8rpa that has been placed in the garocc and kept on a tilted work surface called spres\\u00f9n, is left to drain for up to 24 hours and is then ready for consumption. The cheeses that are to be salted are drained for 3-4 days.<\\\/span><\\\/p>\\n\n\n<p><span>Salting occurs on both sides of the cheese. After a few days, when the cheeses are firmer, they are placed on scalere (shelves) in the ripening area of the dairy: the mascherp\\u00e8ra, found on the upper floor of the alpine cellar.<\\\/span><\\\/p>\",\"margin\":\"large\",\"text_align\":\"left\",\"text_align_breakpoint\":\"m\",\"text_align_fallback\":\"justify\"}}]},{\"type\":\"column\",\"props\":{\"image_position\":\"center-center\",\"position_sticky_breakpoint\":\"m\",\"vertical_align\":\"middle\",\"width_medium\":\"1-2\"},\"children\":[{\"type\":\"image\",\"props\":{\"image\":\"wp-content\\\/uploads\\\/2022\\\/05\\\/ProdottiTipici-FormaggioBitto_SalaturaDellaMascherpa.jpg\",\"image_alt\":\"salatura mascherpa\",\"image_svg_color\":\"emphasis\",\"margin\":\"default\"}}]}],\"props\":{\"layout\":\"1-2,1-2\",\"margin\":\"medium\",\"margin_remove_top\":false,\"match\":true}}]},{\"name\":\"Stagionatura\",\"type\":\"section\",\"props\":{\"image_position\":\"center-center\",\"padding_remove_top\":true,\"style\":\"default\",\"title_breakpoint\":\"xl\",\"title_position\":\"top-left\",\"title_rotation\":\"left\",\"vertical_align\":\"middle\",\"width\":\"large\"},\"children\":[{\"type\":\"row\",\"children\":[{\"type\":\"column\",\"props\":{\"image_position\":\"center-center\",\"position_sticky_breakpoint\":\"m\",\"width_medium\":\"1-1\"},\"children\":[{\"type\":\"divider\",\"props\":{\"divider_element\":\"hr\",\"divider_style\":\"vertical\",\"margin\":\"large\"}}]}],\"props\":{\"margin\":\"default\"}},{\"type\":\"row\",\"children\":[{\"type\":\"column\",\"props\":{\"image_position\":\"center-center\",\"position_sticky_breakpoint\":\"m\",\"vertical_align\":\"middle\",\"width_medium\":\"1-2\"},\"children\":[{\"type\":\"headline\",\"props\":{\"content\":\"<span>Masch\\u00e8rpa Ageing<\\\/span>\",\"text_align\":\"left\",\"text_align_breakpoint\":\"m\",\"text_align_fallback\":\"center\",\"title_element\":\"h3\",\"title_style\":\"heading-small\"}},{\"type\":\"text\",\"props\":{\"block_align_breakpoint\":\"m\",\"block_align_fallback\":\"center\",\"column_breakpoint\":\"m\",\"content\":\"\n\n<p><span>After a few weeks the masch\\u00e8rpa becomes coated with a light brown mold (we say it \\u201cflowers\\u201d) that is regularly cleaned whenever the cheeses are turned. The masch\\u00e8rpa loses a lot of weight during ripening, becomes firmer and develops a strong taste.<\\\/span><\\\/p>\\n\n\n<p><span>After a few months of ripening it can be grated on various dishes.<\\\/span> <span>Masch\\u00e8rpa is not easy to keep, and mature masch\\u00e8rpa is considered a valuable product because it requires much care, and because not all the cheeses are good enough for this process, and only the best are selected.<\\\/span><\\\/p>\",\"margin\":\"large\",\"text_align\":\"left\",\"text_align_breakpoint\":\"m\",\"text_align_fallback\":\"justify\"}}]},{\"type\":\"column\",\"props\":{\"image_position\":\"center-center\",\"order_first\":\"m\",\"position_sticky_breakpoint\":\"m\",\"vertical_align\":\"middle\",\"width_medium\":\"1-2\"},\"children\":[{\"type\":\"image\",\"props\":{\"image\":\"wp-content\\\/uploads\\\/2022\\\/05\\\/mascherpe-vecchie1.jpg\",\"image_alt\":\"bitto storico ribelle\",\"image_svg_color\":\"emphasis\",\"margin\":\"default\"}}]}],\"props\":{\"layout\":\"1-2,1-2\",\"margin\":\"medium\",\"margin_remove_top\":false,\"match\":true}}]},{\"type\":\"section\",\"props\":{\"image_position\":\"center-center\",\"style\":\"secondary\",\"title_breakpoint\":\"xl\",\"title_position\":\"top-left\",\"title_rotation\":\"left\",\"vertical_align\":\"middle\",\"width\":\"default\"},\"children\":[{\"type\":\"row\",\"props\":{\"layout\":\"2-5,3-5\"},\"children\":[{\"type\":\"column\",\"props\":{\"image_position\":\"center-center\",\"position_sticky_breakpoint\":\"m\",\"vertical_align\":\"middle\",\"width_medium\":\"2-5\"},\"children\":[{\"type\":\"headline\",\"props\":{\"content\":\"FIND OUT MORE\",\"text_align\":\"left\",\"text_align_breakpoint\":\"m\",\"text_align_fallback\":\"center\",\"title_element\":\"h5\",\"title_style\":\"h5\"}}]},{\"type\":\"column\",\"props\":{\"image_position\":\"center-center\",\"position_sticky_breakpoint\":\"m\",\"vertical_align\":\"middle\",\"width_medium\":\"3-5\"},\"children\":[{\"type\":\"subnav\",\"props\":{\"subnav_style\":\"tab\",\"text_align\":\"right\",\"text_align_breakpoint\":\"m\",\"text_align_fallback\":\"center\"},\"children\":[{\"type\":\"subnav_item\",\"props\":{\"content\":\"Production\",\"link\":\"en\\\/storico-cheese-production\\\/\"}},{\"type\":\"subnav_item\",\"props\":{\"content\":\"History\",\"link\":\"en\\\/history\\\/\"}},{\"type\":\"subnav_item\",\"props\":{\"content\":\"Cal\\u00e9cc\",\"link\":\"en\\\/calecc\\\/\"}},{\"type\":\"subnav_item\",\"props\":{\"active\":true,\"content\":\"Masch\\u00e8rpa\",\"link\":\"en\\\/mascherpa\\\/\"}},{\"type\":\"subnav_item\",\"props\":{\"content\":\"Slow Food Presidia\",\"link\":\"en\\\/slow-food-presidia\\\/\"}}]}]}]}],\"name\":\"sez-ENG-app-storico-ribelle\"}],\"version\":\"4.0.7\"} --><\/p>\n","protected":false},"excerpt":{"rendered":"<p>Masch\u00e8rpa Masch\u00e8rpa cheeseproduction Masch\u00e8rpa is the traditional ricotta cheese made in the alpine pastures, using the whey from the production of Storico. The whey (called lazzel\u00f9n\/ser\u00f9n) that is left in the cauldron (culd\u00e9ra) is warmed to 60-65\u00b0 C. Once this temperature is reached, 10% freshly milked goat\u2019s milk is added. The acidifying agent is added [&hellip;]<\/p>\n","protected":false},"author":1,"featured_media":0,"parent":0,"menu_order":0,"comment_status":"closed","ping_status":"closed","template":"","meta":{"footnotes":""},"class_list":["post-1282","page","type-page","status-publish","hentry"],"yoast_head":"<!-- This site is optimized with the Yoast SEO plugin v27.5 - https:\/\/yoast.com\/product\/yoast-seo-wordpress\/ -->\n<title>Masch\u00e8rpa - Valli del Bitto Trading Spa<\/title>\n<meta name=\"description\" content=\"Masch\u00e8rpa is the traditional ricotta cheese made in the alpine pastures, using the whey from the production of Storico.\" \/>\n<meta name=\"robots\" content=\"index, follow, max-snippet:-1, max-image-preview:large, max-video-preview:-1\" \/>\n<link rel=\"canonical\" href=\"https:\/\/storicoribelle.com\/la-mascherpa\/\" \/>\n<meta property=\"og:locale\" content=\"en_US\" \/>\n<meta property=\"og:type\" content=\"article\" \/>\n<meta property=\"og:title\" content=\"Masch\u00e8rpa - Valli del Bitto Trading Spa\" \/>\n<meta property=\"og:description\" content=\"Masch\u00e8rpa is the traditional ricotta cheese made in the alpine pastures, using the whey from the production of Storico.\" \/>\n<meta property=\"og:url\" content=\"https:\/\/storicoribelle.com\/la-mascherpa\/\" \/>\n<meta property=\"og:site_name\" content=\"Valli del Bitto Trading Spa\" \/>\n<meta property=\"article:publisher\" content=\"https:\/\/www.facebook.com\/StoricoRibelle\/\" \/>\n<meta property=\"article:modified_time\" content=\"2023-08-03T19:05:45+00:00\" \/>\n<meta name=\"twitter:card\" content=\"summary_large_image\" \/>\n<meta name=\"twitter:label1\" content=\"Est. reading time\" \/>\n\t<meta name=\"twitter:data1\" content=\"7 minutes\" \/>\n<script type=\"application\/ld+json\" class=\"yoast-schema-graph\">{\"@context\":\"https:\\\/\\\/schema.org\",\"@graph\":[{\"@type\":\"WebPage\",\"@id\":\"https:\\\/\\\/storicoribelle.com\\\/la-mascherpa\\\/\",\"url\":\"https:\\\/\\\/storicoribelle.com\\\/la-mascherpa\\\/\",\"name\":\"Masch\u00e8rpa - Valli del Bitto Trading Spa\",\"isPartOf\":{\"@id\":\"https:\\\/\\\/storicoribelle.com\\\/#website\"},\"datePublished\":\"2022-05-04T09:03:02+00:00\",\"dateModified\":\"2023-08-03T19:05:45+00:00\",\"description\":\"Masch\u00e8rpa is the traditional ricotta cheese made in the alpine pastures, using the whey from the production of Storico.\",\"breadcrumb\":{\"@id\":\"https:\\\/\\\/storicoribelle.com\\\/la-mascherpa\\\/#breadcrumb\"},\"inLanguage\":\"en-US\",\"potentialAction\":[{\"@type\":\"ReadAction\",\"target\":[\"https:\\\/\\\/storicoribelle.com\\\/la-mascherpa\\\/\"]}]},{\"@type\":\"BreadcrumbList\",\"@id\":\"https:\\\/\\\/storicoribelle.com\\\/la-mascherpa\\\/#breadcrumb\",\"itemListElement\":[{\"@type\":\"ListItem\",\"position\":1,\"name\":\"Home\",\"item\":\"https:\\\/\\\/storicoribelle.com\\\/en\\\/\"},{\"@type\":\"ListItem\",\"position\":2,\"name\":\"Masch\u00e8rpa\"}]},{\"@type\":\"WebSite\",\"@id\":\"https:\\\/\\\/storicoribelle.com\\\/#website\",\"url\":\"https:\\\/\\\/storicoribelle.com\\\/\",\"name\":\"Valli del Bitto Trading Spa\",\"description\":\"Salvaguardia delle tradizioni e dei valori locali\",\"publisher\":{\"@id\":\"https:\\\/\\\/storicoribelle.com\\\/#organization\"},\"potentialAction\":[{\"@type\":\"SearchAction\",\"target\":{\"@type\":\"EntryPoint\",\"urlTemplate\":\"https:\\\/\\\/storicoribelle.com\\\/?s={search_term_string}\"},\"query-input\":{\"@type\":\"PropertyValueSpecification\",\"valueRequired\":true,\"valueName\":\"search_term_string\"}}],\"inLanguage\":\"en-US\"},{\"@type\":\"Organization\",\"@id\":\"https:\\\/\\\/storicoribelle.com\\\/#organization\",\"name\":\"Valli del Bitto Trading Spa\",\"url\":\"https:\\\/\\\/storicoribelle.com\\\/\",\"logo\":{\"@type\":\"ImageObject\",\"inLanguage\":\"en-US\",\"@id\":\"https:\\\/\\\/storicoribelle.com\\\/#\\\/schema\\\/logo\\\/image\\\/\",\"url\":\"https:\\\/\\\/storicoribelle.com\\\/wp-content\\\/uploads\\\/2022\\\/05\\\/logo.svg\",\"contentUrl\":\"https:\\\/\\\/storicoribelle.com\\\/wp-content\\\/uploads\\\/2022\\\/05\\\/logo.svg\",\"width\":1,\"height\":1,\"caption\":\"Valli del Bitto Trading Spa\"},\"image\":{\"@id\":\"https:\\\/\\\/storicoribelle.com\\\/#\\\/schema\\\/logo\\\/image\\\/\"},\"sameAs\":[\"https:\\\/\\\/www.facebook.com\\\/StoricoRibelle\\\/\"]}]}<\/script>\n<!-- \/ Yoast SEO plugin. -->","yoast_head_json":{"title":"Masch\u00e8rpa - Valli del Bitto Trading Spa","description":"Masch\u00e8rpa is the traditional ricotta cheese made in the alpine pastures, using the whey from the production of Storico.","robots":{"index":"index","follow":"follow","max-snippet":"max-snippet:-1","max-image-preview":"max-image-preview:large","max-video-preview":"max-video-preview:-1"},"canonical":"https:\/\/storicoribelle.com\/la-mascherpa\/","og_locale":"en_US","og_type":"article","og_title":"Masch\u00e8rpa - Valli del Bitto Trading Spa","og_description":"Masch\u00e8rpa is the traditional ricotta cheese made in the alpine pastures, using the whey from the production of Storico.","og_url":"https:\/\/storicoribelle.com\/la-mascherpa\/","og_site_name":"Valli del Bitto Trading Spa","article_publisher":"https:\/\/www.facebook.com\/StoricoRibelle\/","article_modified_time":"2023-08-03T19:05:45+00:00","twitter_card":"summary_large_image","twitter_misc":{"Est. reading time":"7 minutes"},"schema":{"@context":"https:\/\/schema.org","@graph":[{"@type":"WebPage","@id":"https:\/\/storicoribelle.com\/la-mascherpa\/","url":"https:\/\/storicoribelle.com\/la-mascherpa\/","name":"Masch\u00e8rpa - Valli del Bitto Trading Spa","isPartOf":{"@id":"https:\/\/storicoribelle.com\/#website"},"datePublished":"2022-05-04T09:03:02+00:00","dateModified":"2023-08-03T19:05:45+00:00","description":"Masch\u00e8rpa is the traditional ricotta cheese made in the alpine pastures, using the whey from the production of Storico.","breadcrumb":{"@id":"https:\/\/storicoribelle.com\/la-mascherpa\/#breadcrumb"},"inLanguage":"en-US","potentialAction":[{"@type":"ReadAction","target":["https:\/\/storicoribelle.com\/la-mascherpa\/"]}]},{"@type":"BreadcrumbList","@id":"https:\/\/storicoribelle.com\/la-mascherpa\/#breadcrumb","itemListElement":[{"@type":"ListItem","position":1,"name":"Home","item":"https:\/\/storicoribelle.com\/en\/"},{"@type":"ListItem","position":2,"name":"Masch\u00e8rpa"}]},{"@type":"WebSite","@id":"https:\/\/storicoribelle.com\/#website","url":"https:\/\/storicoribelle.com\/","name":"Valli del Bitto Trading Spa","description":"Salvaguardia delle tradizioni e dei valori locali","publisher":{"@id":"https:\/\/storicoribelle.com\/#organization"},"potentialAction":[{"@type":"SearchAction","target":{"@type":"EntryPoint","urlTemplate":"https:\/\/storicoribelle.com\/?s={search_term_string}"},"query-input":{"@type":"PropertyValueSpecification","valueRequired":true,"valueName":"search_term_string"}}],"inLanguage":"en-US"},{"@type":"Organization","@id":"https:\/\/storicoribelle.com\/#organization","name":"Valli del Bitto Trading Spa","url":"https:\/\/storicoribelle.com\/","logo":{"@type":"ImageObject","inLanguage":"en-US","@id":"https:\/\/storicoribelle.com\/#\/schema\/logo\/image\/","url":"https:\/\/storicoribelle.com\/wp-content\/uploads\/2022\/05\/logo.svg","contentUrl":"https:\/\/storicoribelle.com\/wp-content\/uploads\/2022\/05\/logo.svg","width":1,"height":1,"caption":"Valli del Bitto Trading Spa"},"image":{"@id":"https:\/\/storicoribelle.com\/#\/schema\/logo\/image\/"},"sameAs":["https:\/\/www.facebook.com\/StoricoRibelle\/"]}]}},"_links":{"self":[{"href":"https:\/\/storicoribelle.com\/en\/wp-json\/wp\/v2\/pages\/1282","targetHints":{"allow":["GET"]}}],"collection":[{"href":"https:\/\/storicoribelle.com\/en\/wp-json\/wp\/v2\/pages"}],"about":[{"href":"https:\/\/storicoribelle.com\/en\/wp-json\/wp\/v2\/types\/page"}],"author":[{"embeddable":true,"href":"https:\/\/storicoribelle.com\/en\/wp-json\/wp\/v2\/users\/1"}],"replies":[{"embeddable":true,"href":"https:\/\/storicoribelle.com\/en\/wp-json\/wp\/v2\/comments?post=1282"}],"version-history":[{"count":22,"href":"https:\/\/storicoribelle.com\/en\/wp-json\/wp\/v2\/pages\/1282\/revisions"}],"predecessor-version":[{"id":4976,"href":"https:\/\/storicoribelle.com\/en\/wp-json\/wp\/v2\/pages\/1282\/revisions\/4976"}],"wp:attachment":[{"href":"https:\/\/storicoribelle.com\/en\/wp-json\/wp\/v2\/media?parent=1282"}],"curies":[{"name":"wp","href":"https:\/\/api.w.org\/{rel}","templated":true}]}}