{"id":5789,"date":"2025-01-12T18:20:27","date_gmt":"2025-01-12T17:20:27","guid":{"rendered":"https:\/\/storicoribelle.com\/?post_type=product&#038;p=5789"},"modified":"2025-10-02T18:19:51","modified_gmt":"2025-10-02T16:19:51","slug":"storico-ribelle-presidio-slow-food-annata-2023-alpe-trona-vaga-0-5kg","status":"publish","type":"product","link":"https:\/\/storicoribelle.com\/en\/prodotto\/storico-ribelle-presidio-slow-food-annata-2023-alpe-trona-vaga-0-5kg\/","title":{"rendered":"Storico Ribelle Presidio Slow Food annata 2023 alpe Trona Vaga &#8211; 0,5kg."},"content":{"rendered":"<p>Lo\u00a0Storico\u00a0Ribelle\u00a0viene prodotto esclusivamente nei mesi estivi in\u00a0alpeggio:il bestiame costituito da vacche da latte ( tradizionalmente di razza bruno alpina) e da capre (di\u00a0razza orobica\u00a0autoctona della Valgerola) viene condotto sui pascoli nel mese di giugno e vi resta, condizioni climatiche permettendo, fino al mese di settembre.<br \/>\nI bovini e i caprini si nutrono esclusivamente del pascolo alpino, da disciplinare infatti \u00e8 vietato integrare l\u2019alimentazione con mangimi e insilati; l\u2019ambiente delle prealpi Orobie, per esposizione, per la abbondanza di corsi d\u2019 acqua e per le variazioni altimetriche, presenta una variet\u00e0 floreale che conferisce al latte propriet\u00e0 nutrizionali di qualit\u00e0 superiore.<br \/>\nLa biodiversit\u00e0 dell\u2019ambiente montano, i suoi profumi ed aromi, conferiscono caratteristiche organolettiche uniche a ciascuna forma di Storico prodotta negli alpeggi aderenti al\u00a0Consorzio di Salvaguardia.<\/p>\n<p>L\u2019Alpe Trona Vaga \u00e8 una delle pi\u00f9 storiche dell\u2019area, nel comune di Gerola Alta. Dal 2022 \u00e8 gestita da un\u2019azienda agricola con sede in Valle del Bitto di Gerola, condotta da due giovani: Manuel Ciocchini come capo pastore e Erica Mazzola come casara. Erica e Manuel si sono formati in anni di affiancamento negli altri alpeggi dell\u2019area storica, e ora hanno coronato il sogno di gestire insieme uno dei monti pi\u00f9 vocati dell\u2019area.<\/p>\n<p>Formaggio giovane, di questa estate, dolce, pastoso, con gi\u00e0 le note caratteristiche proprie dello Storico Ribelle Presidio Slow Food. Buono per una merenda, da tavola, o per una prestigiosa Polenta Taragna come la nostra della Casera di Gerola Alta.<\/p>\n","protected":false},"excerpt":{"rendered":"<p>Peso netto da 450g. a 550g.<\/p>\n<p>Confezionato sottovuoto<br \/>\nDa consumarsi preferibilmente entro 120 gg.<\/p>\n<p>Valori nutrizionali per 100 gr:<br \/>\nenergia (kj) 1716<br \/>\nkcal 413<br \/>\nGrassi (g) 33<br \/>\ndi cui acidi grassi saturi (g) 23<br \/>\nCarboidrati (g) 1,9<br \/>\ndi cui zuccheri (g) 0<br \/>\nProteine (g) 27<br \/>\nSale (g) 1,3<\/p>\n","protected":false},"featured_media":4020,"template":"","meta":[],"product_brand":[],"product_cat":[20],"product_tag":[],"class_list":{"0":"post-5789","1":"product","2":"type-product","3":"status-publish","4":"has-post-thumbnail","6":"product_cat-stagionato","8":"first","9":"outofstock","10":"shipping-taxable","11":"purchasable","12":"product-type-simple"},"yoast_head":"<!-- This site is optimized with the Yoast SEO plugin v27.6 - https:\/\/yoast.com\/product\/yoast-seo-wordpress\/ -->\n<title>Storico Ribelle Presidio Slow Food annata 2023 alpe Trona Vaga - 0,5kg. - Valli del Bitto Trading Spa<\/title>\n<meta name=\"robots\" content=\"index, follow, max-snippet:-1, max-image-preview:large, max-video-preview:-1\" \/>\n<link rel=\"canonical\" href=\"https:\/\/storicoribelle.com\/prodotto\/storico-ribelle-presidio-slow-food-annata-2023-alpe-trona-vaga-0-5kg\/\" \/>\n<meta property=\"og:locale\" content=\"en_US\" \/>\n<meta property=\"og:type\" content=\"article\" \/>\n<meta property=\"og:title\" content=\"Storico Ribelle Presidio Slow Food annata 2023 alpe Trona Vaga - 0,5kg. - Valli del Bitto Trading Spa\" \/>\n<meta property=\"og:description\" content=\"Peso netto da 450g. a 550g.  Confezionato sottovuoto Da consumarsi preferibilmente entro 120 gg.  Valori nutrizionali per 100 gr: energia (kj) 1716 kcal 413 Grassi (g) 33 di cui acidi grassi saturi (g) 23 Carboidrati (g) 1,9 di cui zuccheri (g) 0 Proteine (g) 27 Sale (g) 1,3\" \/>\n<meta property=\"og:url\" content=\"https:\/\/storicoribelle.com\/prodotto\/storico-ribelle-presidio-slow-food-annata-2023-alpe-trona-vaga-0-5kg\/\" \/>\n<meta property=\"og:site_name\" content=\"Valli del Bitto Trading Spa\" \/>\n<meta property=\"article:publisher\" content=\"https:\/\/www.facebook.com\/StoricoRibelle\/\" \/>\n<meta property=\"article:modified_time\" content=\"2025-10-02T16:19:51+00:00\" \/>\n<meta property=\"og:image\" content=\"https:\/\/storicoribelle.com\/wp-content\/uploads\/2022\/05\/annata_2014-e1663144811376.jpg\" \/>\n\t<meta property=\"og:image:width\" content=\"373\" \/>\n\t<meta property=\"og:image:height\" content=\"373\" \/>\n\t<meta property=\"og:image:type\" content=\"image\/jpeg\" \/>\n<meta name=\"twitter:card\" content=\"summary_large_image\" \/>\n<meta name=\"twitter:label1\" content=\"Est. reading time\" \/>\n\t<meta name=\"twitter:data1\" content=\"2 minutes\" \/>\n<script type=\"application\/ld+json\" class=\"yoast-schema-graph\">{\"@context\":\"https:\\\/\\\/schema.org\",\"@graph\":[{\"@type\":\"WebPage\",\"@id\":\"https:\\\/\\\/storicoribelle.com\\\/prodotto\\\/storico-ribelle-presidio-slow-food-annata-2023-alpe-trona-vaga-0-5kg\\\/\",\"url\":\"https:\\\/\\\/storicoribelle.com\\\/prodotto\\\/storico-ribelle-presidio-slow-food-annata-2023-alpe-trona-vaga-0-5kg\\\/\",\"name\":\"Storico Ribelle Presidio Slow Food annata 2023 alpe Trona Vaga - 0,5kg. - Valli del Bitto Trading Spa\",\"isPartOf\":{\"@id\":\"https:\\\/\\\/storicoribelle.com\\\/#website\"},\"primaryImageOfPage\":{\"@id\":\"https:\\\/\\\/storicoribelle.com\\\/prodotto\\\/storico-ribelle-presidio-slow-food-annata-2023-alpe-trona-vaga-0-5kg\\\/#primaryimage\"},\"image\":{\"@id\":\"https:\\\/\\\/storicoribelle.com\\\/prodotto\\\/storico-ribelle-presidio-slow-food-annata-2023-alpe-trona-vaga-0-5kg\\\/#primaryimage\"},\"thumbnailUrl\":\"https:\\\/\\\/storicoribelle.com\\\/wp-content\\\/uploads\\\/2022\\\/05\\\/annata_2014-e1663144811376.jpg\",\"datePublished\":\"2025-01-12T17:20:27+00:00\",\"dateModified\":\"2025-10-02T16:19:51+00:00\",\"breadcrumb\":{\"@id\":\"https:\\\/\\\/storicoribelle.com\\\/prodotto\\\/storico-ribelle-presidio-slow-food-annata-2023-alpe-trona-vaga-0-5kg\\\/#breadcrumb\"},\"inLanguage\":\"en-US\",\"potentialAction\":[{\"@type\":\"ReadAction\",\"target\":[\"https:\\\/\\\/storicoribelle.com\\\/prodotto\\\/storico-ribelle-presidio-slow-food-annata-2023-alpe-trona-vaga-0-5kg\\\/\"]}]},{\"@type\":\"ImageObject\",\"inLanguage\":\"en-US\",\"@id\":\"https:\\\/\\\/storicoribelle.com\\\/prodotto\\\/storico-ribelle-presidio-slow-food-annata-2023-alpe-trona-vaga-0-5kg\\\/#primaryimage\",\"url\":\"https:\\\/\\\/storicoribelle.com\\\/wp-content\\\/uploads\\\/2022\\\/05\\\/annata_2014-e1663144811376.jpg\",\"contentUrl\":\"https:\\\/\\\/storicoribelle.com\\\/wp-content\\\/uploads\\\/2022\\\/05\\\/annata_2014-e1663144811376.jpg\",\"width\":373,\"height\":373},{\"@type\":\"BreadcrumbList\",\"@id\":\"https:\\\/\\\/storicoribelle.com\\\/prodotto\\\/storico-ribelle-presidio-slow-food-annata-2023-alpe-trona-vaga-0-5kg\\\/#breadcrumb\",\"itemListElement\":[{\"@type\":\"ListItem\",\"position\":1,\"name\":\"Home\",\"item\":\"https:\\\/\\\/storicoribelle.com\\\/en\\\/\"},{\"@type\":\"ListItem\",\"position\":2,\"name\":\"Shop\",\"item\":\"https:\\\/\\\/storicoribelle.com\\\/shop\\\/\"},{\"@type\":\"ListItem\",\"position\":3,\"name\":\"Storico Ribelle Presidio Slow Food annata 2023 alpe Trona Vaga &#8211; 0,5kg.\"}]},{\"@type\":\"WebSite\",\"@id\":\"https:\\\/\\\/storicoribelle.com\\\/#website\",\"url\":\"https:\\\/\\\/storicoribelle.com\\\/\",\"name\":\"Valli del Bitto Trading Spa\",\"description\":\"Salvaguardia delle tradizioni e dei valori locali\",\"publisher\":{\"@id\":\"https:\\\/\\\/storicoribelle.com\\\/#organization\"},\"potentialAction\":[{\"@type\":\"SearchAction\",\"target\":{\"@type\":\"EntryPoint\",\"urlTemplate\":\"https:\\\/\\\/storicoribelle.com\\\/?s={search_term_string}\"},\"query-input\":{\"@type\":\"PropertyValueSpecification\",\"valueRequired\":true,\"valueName\":\"search_term_string\"}}],\"inLanguage\":\"en-US\"},{\"@type\":\"Organization\",\"@id\":\"https:\\\/\\\/storicoribelle.com\\\/#organization\",\"name\":\"Valli del Bitto Trading Spa\",\"url\":\"https:\\\/\\\/storicoribelle.com\\\/\",\"logo\":{\"@type\":\"ImageObject\",\"inLanguage\":\"en-US\",\"@id\":\"https:\\\/\\\/storicoribelle.com\\\/#\\\/schema\\\/logo\\\/image\\\/\",\"url\":\"https:\\\/\\\/storicoribelle.com\\\/wp-content\\\/uploads\\\/2022\\\/05\\\/logo.svg\",\"contentUrl\":\"https:\\\/\\\/storicoribelle.com\\\/wp-content\\\/uploads\\\/2022\\\/05\\\/logo.svg\",\"width\":1,\"height\":1,\"caption\":\"Valli del Bitto Trading Spa\"},\"image\":{\"@id\":\"https:\\\/\\\/storicoribelle.com\\\/#\\\/schema\\\/logo\\\/image\\\/\"},\"sameAs\":[\"https:\\\/\\\/www.facebook.com\\\/StoricoRibelle\\\/\"]}]}<\/script>\n<!-- \/ Yoast SEO plugin. -->","yoast_head_json":{"title":"Storico Ribelle Presidio Slow Food annata 2023 alpe Trona Vaga - 0,5kg. - Valli del Bitto Trading Spa","robots":{"index":"index","follow":"follow","max-snippet":"max-snippet:-1","max-image-preview":"max-image-preview:large","max-video-preview":"max-video-preview:-1"},"canonical":"https:\/\/storicoribelle.com\/prodotto\/storico-ribelle-presidio-slow-food-annata-2023-alpe-trona-vaga-0-5kg\/","og_locale":"en_US","og_type":"article","og_title":"Storico Ribelle Presidio Slow Food annata 2023 alpe Trona Vaga - 0,5kg. - Valli del Bitto Trading Spa","og_description":"Peso netto da 450g. a 550g.  Confezionato sottovuoto Da consumarsi preferibilmente entro 120 gg.  Valori nutrizionali per 100 gr: energia (kj) 1716 kcal 413 Grassi (g) 33 di cui acidi grassi saturi (g) 23 Carboidrati (g) 1,9 di cui zuccheri (g) 0 Proteine (g) 27 Sale (g) 1,3","og_url":"https:\/\/storicoribelle.com\/prodotto\/storico-ribelle-presidio-slow-food-annata-2023-alpe-trona-vaga-0-5kg\/","og_site_name":"Valli del Bitto Trading Spa","article_publisher":"https:\/\/www.facebook.com\/StoricoRibelle\/","article_modified_time":"2025-10-02T16:19:51+00:00","og_image":[{"width":373,"height":373,"url":"https:\/\/storicoribelle.com\/wp-content\/uploads\/2022\/05\/annata_2014-e1663144811376.jpg","type":"image\/jpeg"}],"twitter_card":"summary_large_image","twitter_misc":{"Est. reading time":"2 minutes"},"schema":{"@context":"https:\/\/schema.org","@graph":[{"@type":"WebPage","@id":"https:\/\/storicoribelle.com\/prodotto\/storico-ribelle-presidio-slow-food-annata-2023-alpe-trona-vaga-0-5kg\/","url":"https:\/\/storicoribelle.com\/prodotto\/storico-ribelle-presidio-slow-food-annata-2023-alpe-trona-vaga-0-5kg\/","name":"Storico Ribelle Presidio Slow Food annata 2023 alpe Trona Vaga - 0,5kg. - Valli del Bitto Trading Spa","isPartOf":{"@id":"https:\/\/storicoribelle.com\/#website"},"primaryImageOfPage":{"@id":"https:\/\/storicoribelle.com\/prodotto\/storico-ribelle-presidio-slow-food-annata-2023-alpe-trona-vaga-0-5kg\/#primaryimage"},"image":{"@id":"https:\/\/storicoribelle.com\/prodotto\/storico-ribelle-presidio-slow-food-annata-2023-alpe-trona-vaga-0-5kg\/#primaryimage"},"thumbnailUrl":"https:\/\/storicoribelle.com\/wp-content\/uploads\/2022\/05\/annata_2014-e1663144811376.jpg","datePublished":"2025-01-12T17:20:27+00:00","dateModified":"2025-10-02T16:19:51+00:00","breadcrumb":{"@id":"https:\/\/storicoribelle.com\/prodotto\/storico-ribelle-presidio-slow-food-annata-2023-alpe-trona-vaga-0-5kg\/#breadcrumb"},"inLanguage":"en-US","potentialAction":[{"@type":"ReadAction","target":["https:\/\/storicoribelle.com\/prodotto\/storico-ribelle-presidio-slow-food-annata-2023-alpe-trona-vaga-0-5kg\/"]}]},{"@type":"ImageObject","inLanguage":"en-US","@id":"https:\/\/storicoribelle.com\/prodotto\/storico-ribelle-presidio-slow-food-annata-2023-alpe-trona-vaga-0-5kg\/#primaryimage","url":"https:\/\/storicoribelle.com\/wp-content\/uploads\/2022\/05\/annata_2014-e1663144811376.jpg","contentUrl":"https:\/\/storicoribelle.com\/wp-content\/uploads\/2022\/05\/annata_2014-e1663144811376.jpg","width":373,"height":373},{"@type":"BreadcrumbList","@id":"https:\/\/storicoribelle.com\/prodotto\/storico-ribelle-presidio-slow-food-annata-2023-alpe-trona-vaga-0-5kg\/#breadcrumb","itemListElement":[{"@type":"ListItem","position":1,"name":"Home","item":"https:\/\/storicoribelle.com\/en\/"},{"@type":"ListItem","position":2,"name":"Shop","item":"https:\/\/storicoribelle.com\/shop\/"},{"@type":"ListItem","position":3,"name":"Storico Ribelle Presidio Slow Food annata 2023 alpe Trona Vaga &#8211; 0,5kg."}]},{"@type":"WebSite","@id":"https:\/\/storicoribelle.com\/#website","url":"https:\/\/storicoribelle.com\/","name":"Valli del Bitto Trading Spa","description":"Salvaguardia delle tradizioni e dei valori locali","publisher":{"@id":"https:\/\/storicoribelle.com\/#organization"},"potentialAction":[{"@type":"SearchAction","target":{"@type":"EntryPoint","urlTemplate":"https:\/\/storicoribelle.com\/?s={search_term_string}"},"query-input":{"@type":"PropertyValueSpecification","valueRequired":true,"valueName":"search_term_string"}}],"inLanguage":"en-US"},{"@type":"Organization","@id":"https:\/\/storicoribelle.com\/#organization","name":"Valli del Bitto Trading Spa","url":"https:\/\/storicoribelle.com\/","logo":{"@type":"ImageObject","inLanguage":"en-US","@id":"https:\/\/storicoribelle.com\/#\/schema\/logo\/image\/","url":"https:\/\/storicoribelle.com\/wp-content\/uploads\/2022\/05\/logo.svg","contentUrl":"https:\/\/storicoribelle.com\/wp-content\/uploads\/2022\/05\/logo.svg","width":1,"height":1,"caption":"Valli del Bitto Trading Spa"},"image":{"@id":"https:\/\/storicoribelle.com\/#\/schema\/logo\/image\/"},"sameAs":["https:\/\/www.facebook.com\/StoricoRibelle\/"]}]}},"_links":{"self":[{"href":"https:\/\/storicoribelle.com\/en\/wp-json\/wp\/v2\/product\/5789","targetHints":{"allow":["GET"]}}],"collection":[{"href":"https:\/\/storicoribelle.com\/en\/wp-json\/wp\/v2\/product"}],"about":[{"href":"https:\/\/storicoribelle.com\/en\/wp-json\/wp\/v2\/types\/product"}],"wp:featuredmedia":[{"embeddable":true,"href":"https:\/\/storicoribelle.com\/en\/wp-json\/wp\/v2\/media\/4020"}],"wp:attachment":[{"href":"https:\/\/storicoribelle.com\/en\/wp-json\/wp\/v2\/media?parent=5789"}],"wp:term":[{"taxonomy":"product_brand","embeddable":true,"href":"https:\/\/storicoribelle.com\/en\/wp-json\/wp\/v2\/product_brand?post=5789"},{"taxonomy":"product_cat","embeddable":true,"href":"https:\/\/storicoribelle.com\/en\/wp-json\/wp\/v2\/product_cat?post=5789"},{"taxonomy":"product_tag","embeddable":true,"href":"https:\/\/storicoribelle.com\/en\/wp-json\/wp\/v2\/product_tag?post=5789"}],"curies":[{"name":"wp","href":"https:\/\/api.w.org\/{rel}","templated":true}]}}